{"id":58,"date":"2024-07-03T07:46:40","date_gmt":"2024-07-03T07:46:40","guid":{"rendered":"http:\/\/parafia.nowaruda.pl\/?page_id=58"},"modified":"2024-07-03T07:56:25","modified_gmt":"2024-07-03T07:56:25","slug":"apostolat-margaretka","status":"publish","type":"page","link":"http:\/\/parafia.nowaruda.pl\/?page_id=58","title":{"rendered":"Apostolat Margaretka"},"content":{"rendered":"\n<figure class=\"wp-block-image alignleft size-large is-resized\"><img loading=\"lazy\" decoding=\"async\" width=\"1024\" height=\"819\" src=\"http:\/\/parafia.nowaruda.pl\/wp-content\/uploads\/2024\/07\/kwiatek-malowany-1024x819.png\" alt=\"\" class=\"wp-image-59\" style=\"width:274px;height:auto\" srcset=\"http:\/\/parafia.nowaruda.pl\/wp-content\/uploads\/2024\/07\/kwiatek-malowany-1024x819.png 1024w, http:\/\/parafia.nowaruda.pl\/wp-content\/uploads\/2024\/07\/kwiatek-malowany-300x240.png 300w, http:\/\/parafia.nowaruda.pl\/wp-content\/uploads\/2024\/07\/kwiatek-malowany-768x614.png 768w, http:\/\/parafia.nowaruda.pl\/wp-content\/uploads\/2024\/07\/kwiatek-malowany.png 1477w\" sizes=\"auto, (max-width: 1024px) 100vw, 1024px\" \/><\/figure>\n\n\n\n<p><em><strong>Powiedzcie moim drogim kap\u0142anom, moim drogim synom, \u017ce musz\u0105 mocniej wierzy\u0107! Musz\u0105 chroni\u0107 wiar\u0119 Ko\u015bcio\u0142a&#8221;. Powiedzcie moim drogim kap\u0142anom, aby modlili si\u0119 na r\u00f3\u017ca\u0144cu Aby ka\u017cdego dnia modlili si\u0119 na r\u00f3\u017ca\u0144cu\u201d.<\/strong><\/em><\/p>\n\n\n\n<p>Or\u0119dzie Matki Bo\u017cej z Medziugorja<\/p>\n\n\n\n<p>.. Matka Bo\u017ca p\u0142aka\u0142a z powodu kap\u0142an\u00f3w. P\u0142aka\u0142a nie dlatego, \u017ce jeste\u015bmy gorsi od innych. Nie! Matka Bo\u017ca p\u0142aka\u0142a, gdy\u017c zapomnieli\u015bmy wpatrywa\u0107 si\u0119 w Tajemnice Kap\u0142a\u0144stwa. Maryja pragnie, aby\u015bmy szukali kap\u0142an\u00f3w. Ponad 70 tys. kap\u0142an\u00f3w odesz\u0142o, gdy\u017c Ko\u015bci\u00f3\u0142 zapomnia\u0142 o nich i nie modli si\u0119 za nich. Upadli z powodu braku modlitewnej pomocy ze strony Ko\u015bcio\u0142a. Byli zdolni, studiowali, ale brakowa\u0142o pomocy Ko\u015bcio\u0142a, jego \u0142aski. Matka Bo\u017ca pragnie, aby Ko\u015bci\u00f3\u0142 kocha\u0142 swych kap\u0142an\u00f3w, gdy\u017c kap\u0142an jest jak Moj\u017cesz prowadz\u0105cy sw\u00f3j lud. Bez kap\u0142ana Ko\u015bci\u00f3\u0142 nie wiedzia\u0142by dok\u0105d i\u015b\u0107. Bez nich nie ma chrze\u015bcija\u0144skiego sakramentalnego \u017cycia i Eucharystii. Bez nich byliby\u015bmy jak latoro\u015ble oddzielone od winnego krzewu. Matka Bo\u017ca pragnie, aby kap\u0142ani wr\u00f3cili do Twojego serca, do Twojej modlitwy, do Twojej rodziny; aby\u015bmy ich ochraniali.<\/p>\n\n\n\n<p>W czasie jednego z kaza\u0144 m\u00f3wi\u0142em o kap\u0142anach. Zrozumia\u0142a mnie pewna pani profesor, kt\u00f3ra przyby\u0142a do Medziugorja z Kanady. Zrozumia\u0142a i zainicjowa\u0142a apostolat modlitwy za kap\u0142an\u00f3w. Porzuci\u0142a uniwersytet, aby w ca\u0142ej Ameryce tworzy\u0107 wieczerniki modlitwy za kap\u0142an\u00f3w. Apostolat ten nazwa\u0142a \u201eMargaretka&#8221;, od kwiatu margaretki. W centrum symbolicznego kwiatka wpisane jest nazwisko ksi\u0119dza a wok\u00f3\u0142 niego na siedmiu p\u0142atkach nazwiska os\u00f3b, kt\u00f3re przed Naj\u015bwi\u0119tszym Sakramentem sk\u0142adaj\u0105 przyrzeczenie wieczystej modlitwy. Przyrzekaj\u0105, \u017ce przez ca\u0142e \u017cycie w wybranym dniu tygodnia b\u0119d\u0105 modli\u0107 si\u0119 za tego kap\u0142ana. Nie przez miesi\u0105c, nie przez rok, ale przez ca\u0142e \u017cycie! Pierwsza taka \u201cMargaretka&#8221; powsta\u0142a tutaj w Medziugorju, a w jej centrum wpisano moje imi\u0119. Ch\u0119tni, kt\u00f3rzy wpisali swoje imiona na siedmiu kolejnych p\u0142atkach z\u0142o\u017cyli przysi\u0119g\u0119, \u017ce b\u0119d\u0105 modli\u0107 si\u0119 za mnie przez ca\u0142e \u017cycie. Teraz czuj\u0119 si\u0119 jak ma\u0142a rybka w wodzie. Codziennie Ko\u015bci\u00f3\u0142 modli si\u0119 za mnie!<\/p>\n\n\n\n<p>W\u0142a\u015bnie tego chce Matka Bo\u017ca, pragnie \u017ceby chrze\u015bcijanie umie\u015bcili kap\u0142an\u00f3w w centrum swej modlitwy, swoich serc, swoich my\u015bli.<\/p>\n\n\n\n<p>M\u00f3wi\u0119 do Was jak brat, jak ksi\u0105dz, jak spowiednik. Ka\u017cdego dnia m\u00f3dlcie si\u0119 za nas, poniewa\u017c jeste\u015bmy s\u0142abi. Bez Waszej pomocy nie mo\u017cemy skutecznie g\u0142osi\u0107 wam Ewangelii. Bez modlitwy nie mo\u017cemy ze czci\u0105 sprawowa\u0107 Eucharystii. Przyjmijcie zaproszenie Maryl i wprowad\u017acie je w \u017cycie! Tylko w ten spos\u00f3b mo\u017cecie prze\u017cy\u0107 wielkie i g\u0142\u0119bokie do\u015bwiadczenie Ko\u015bcio\u0142a.<\/p>\n\n\n\n<p>Poni\u017cej podajemy wz\u00f3r modlitwy za kap\u0142an\u00f3w. Polecamy te\u017c Koronk\u0119 Medziugorska, Jako, \u017ce Apostolat Margaretka&#8221; w\u0142a\u015bnie tam powsta\u0142. Radzimy, aby zobowi\u0105zania modlitewne nie by\u0142y zbyt absorbuj\u0105ce, gdy\u017c mo\u017ce to doprowadzi\u0107 do szybkiego zniech\u0119cenia i porzucenia modlitwy, a przecie\u017c nie o to chodzi, Liczy si\u0119 wytrwa\u0142o\u015b\u0107. Wa\u017cne jest, aby ka\u017cdego dnia kto\u015b modli si\u0119 za wybranego kap\u0142ana.<\/p>\n\n\n\n<h3 class=\"wp-block-heading\">Modlitwa<\/h3>\n\n\n\n<p>O Jezu, Boski Pasterzu, kt\u00f3ry powo\u0142a\u0142e\u015b Aposto\u0142\u00f3w, aby uczyni\u0107 ich rybakami dusz ludzkich, Ty, kt\u00f3ry poci\u0105gn\u0105\u0142e\u015b ku Sobie ks\u2026\u2026\u2026&#8230;\u2026&#8230;&#8230;, uczy\u0144 Go Swoim gorliwym na\u015bladowc\u0105 i s\u0142ug\u0105. Spraw, aby dzieli\u0142 z Tob\u0105 pragnienie powszechnego odkupienia, dla kt\u00f3rego na wszystkich o\u0142tarzach ponawiasz Swoj\u0105 Ofiar\u0119. Ty, o Panie, kt\u00f3ry \u017cyjesz na wieki, aby wstawia\u0107 si\u0119 za Twoim ludem, otw\u00f3rz przed Nim nowe horyzonty, by dostrzega\u0142 \u015bwiat spragniony \u015bwiat\u0142a prawdy i mi\u0142o\u015bci; by by\u0142 sol\u0105 ziemi i \u015bwiat\u0142o\u015bci\u0105 \u015bwiata. Umacniaj Go Twoj\u0105 moc\u0105 i b\u0142ogos\u0142aw Mu. \u015awi\u0119ty (imi\u0119 patrona), kt\u00f3rego imi\u0119 nosi ks\u2026\u2026..\u2026\u2026.\u2026\u2026&#8230;. Twojej szczeg\u00f3lnej opiece polecam Go dzisiaj. Prosz\u0119 Ci\u0119, aby\u015b wstawia\u0142 si\u0119 za Nim przed Bogiem i pomaga\u0142 Mu we wszystkich potrzebach Spraw, aby dochowa\u0142 Bogu wierno\u015bci i owocnie pracowa\u0142 dla Jego wi\u0119kszej chwa\u0142y. Maryjo strze\u017c Go przed wszelkim z\u0142em. Amen<\/p>\n\n\n\n<p>Koronka Medziugorska: Wierz\u0119, 7 x Ojcze Nasz, 7 x Zdrowa\u015b Maryjo, 7 x Chwa\u0142a Ojcu.<\/p>\n\n\n\n<p><strong>Margaretki maj\u0105 z\u0142ota serca &#8211; i Ty b\u0105d\u017a r\u00f3wnie\u017c taki!<\/strong><\/p>\n\n\n\n<p>Je\u017celi chcesz przyst\u0105pi\u0107 do margaretki powstaj\u0105cej w naszej parafii, skontaktuj si\u0119 z nami. Telefon: 600 460 634<\/p>\n","protected":false},"excerpt":{"rendered":"<p>Grupa 7 os\u00f3b podejmuj\u0105ca codzienn\u0105 modlitw\u0119 za wybranego kap\u0142ana.<\/p>\n","protected":false},"author":1,"featured_media":59,"parent":56,"menu_order":0,"comment_status":"closed","ping_status":"closed","template":"","meta":{"footnotes":""},"class_list":["post-58","page","type-page","status-publish","has-post-thumbnail","hentry"],"_links":{"self":[{"href":"http:\/\/parafia.nowaruda.pl\/index.php?rest_route=\/wp\/v2\/pages\/58","targetHints":{"allow":["GET"]}}],"collection":[{"href":"http:\/\/parafia.nowaruda.pl\/index.php?rest_route=\/wp\/v2\/pages"}],"about":[{"href":"http:\/\/parafia.nowaruda.pl\/index.php?rest_route=\/wp\/v2\/types\/page"}],"author":[{"embeddable":true,"href":"http:\/\/parafia.nowaruda.pl\/index.php?rest_route=\/wp\/v2\/users\/1"}],"replies":[{"embeddable":true,"href":"http:\/\/parafia.nowaruda.pl\/index.php?rest_route=%2Fwp%2Fv2%2Fcomments&post=58"}],"version-history":[{"count":2,"href":"http:\/\/parafia.nowaruda.pl\/index.php?rest_route=\/wp\/v2\/pages\/58\/revisions"}],"predecessor-version":[{"id":64,"href":"http:\/\/parafia.nowaruda.pl\/index.php?rest_route=\/wp\/v2\/pages\/58\/revisions\/64"}],"up":[{"embeddable":true,"href":"http:\/\/parafia.nowaruda.pl\/index.php?rest_route=\/wp\/v2\/pages\/56"}],"wp:featuredmedia":[{"embeddable":true,"href":"http:\/\/parafia.nowaruda.pl\/index.php?rest_route=\/wp\/v2\/media\/59"}],"wp:attachment":[{"href":"http:\/\/parafia.nowaruda.pl\/index.php?rest_route=%2Fwp%2Fv2%2Fmedia&parent=58"}],"curies":[{"name":"wp","href":"https:\/\/api.w.org\/{rel}","templated":true}]}}