{"id":16,"date":"2024-07-02T10:23:32","date_gmt":"2024-07-02T10:23:32","guid":{"rendered":"http:\/\/parafia.nowaruda.pl\/?page_id=16"},"modified":"2024-07-03T07:41:23","modified_gmt":"2024-07-03T07:41:23","slug":"informacje","status":"publish","type":"page","link":"https:\/\/parafia.nowaruda.pl\/?page_id=16","title":{"rendered":"Informacje"},"content":{"rendered":"\n<h2 class=\"wp-block-heading\"><a>PORZ\u0104DEK MSZY \u015aW. W PARAFII:<\/a><\/h2>\n\n\n\n<blockquote class=\"wp-block-quote is-layout-flow wp-block-quote-is-layout-flow\">\n<p>W tygodniu<\/p>\n\n\n\n<ul class=\"wp-block-list\">\n<li>codziennie w ko\u015bciele \u015bw. Miko\u0142aja o godz. <strong>6.30<\/strong>, <em>9.00<\/em> i <strong>18.00<\/strong> (we wtorki w ko\u015bciele Bo\u017cego Cia\u0142a)<\/li>\n\n\n\n<li>w soboty w kaplicy szpitalnej o godz. <em>17:00<\/em><\/li>\n\n\n\n<li>W Adwencie RORATY o\u00a0<strong> 17.00\u00a0<\/strong> (nie ma\u00a0Mszy o <strong>18.00<\/strong>)<\/li>\n\n\n\n<li>w styczniu podczas Wizyty Duszpasterskiej o godz. <strong>15:00<\/strong> (nie ma Mszy o <strong>18:00<\/strong>)<\/li>\n<\/ul>\n\n\n\n<p>W niedziele i \u015bwi\u0119ta nakazane<\/p>\n\n\n\n<ul class=\"wp-block-list\">\n<li>w ko\u015bciele \u015bw. Miko\u0142aja o godz. <strong>7.30<\/strong>, <strong>9.00<\/strong>, <strong>10.30<\/strong> (dla dzieci), <strong>12.00<\/strong> i <strong>18.00<\/strong><\/li>\n\n\n\n<li>w ko\u015bciele Podwy\u017cszenia Krzy\u017ca \u015awi\u0119tego o godz. <em>13.00<\/em><\/li>\n\n\n\n<li>w ko\u015bciele \u015bw. Anny od maja do ko\u0144ca wrze\u015bnia o godz. <strong>15.00<\/strong><\/li>\n<\/ul>\n\n\n\n<p>* Godziny wypisane <em>kursyw\u0105<\/em> s\u0105 zawieszone w czasie wakacji<\/p>\n<\/blockquote>\n\n\n\n<h2 class=\"wp-block-heading\"><a>SPOWIED\u0179<\/a><\/h2>\n\n\n\n<blockquote class=\"wp-block-quote is-layout-flow wp-block-quote-is-layout-flow\">\n<p>w ko\u015bciele \u015bw. Miko\u0142aja:<\/p>\n\n\n\n<ul class=\"wp-block-list\">\n<li>w tygodniu: p\u00f3\u0142 godziny przed Msz\u0105<\/li>\n\n\n\n<li>w niedziele: podczas ka\u017cdej Mszy<\/li>\n\n\n\n<li>w I pi\u0105tki miesi\u0105ca w godz.: 17:00-18:00<\/li>\n<\/ul>\n<\/blockquote>\n\n\n\n<h2 class=\"wp-block-heading\"><a>ADORACJA NAJ\u015aWI\u0118TSZEGO SAKRAMENTU<\/a><\/h2>\n\n\n\n<blockquote class=\"wp-block-quote is-layout-flow wp-block-quote-is-layout-flow\">\n<p>w ko\u015bciele \u015bw. Miko\u0142aja:<\/p>\n\n\n\n<ul class=\"wp-block-list\">\n<li>w ka\u017cdy pi\u0105tek w godz. 15:00-18:00<\/li>\n\n\n\n<li>w I pi\u0105tki miesi\u0105ca dodatkowo po Mszy wieczornej<\/li>\n<\/ul>\n<\/blockquote>\n\n\n\n<h2 class=\"wp-block-heading\"><a>KANCELARIA PARAFIALNA<\/a><\/h2>\n\n\n\n<blockquote class=\"wp-block-quote is-layout-flow wp-block-quote-is-layout-flow\">\n<ul class=\"wp-block-list\">\n<li>w \u015brody w godz.: 16:00-17:00<\/li>\n\n\n\n<li>w soboty w godz.: 9.00-10.00<\/li>\n<\/ul>\n\n\n\n<p><\/p>\n<\/blockquote>\n\n\n\n<p><a><br><\/a><\/p>\n\n\n\n<h2 class=\"wp-block-heading\"><a><\/a><a>KONTAKT<\/a><\/h2>\n\n\n\n<blockquote class=\"wp-block-quote is-layout-flow wp-block-quote-is-layout-flow\">\n<p>email: <a href=\"https:\/\/web.archive.org\/web\/20231203070428\/mailto:parafianowaruda@gmail.com\">parafianowaruda@gmail.com<\/a><br>nr tel. <a href=\"https:\/\/web.archive.org\/web\/20231203070428\/callto:+48748722155\">+48(74) 872-21-55<\/a><br>adres: <a href=\"https:\/\/web.archive.org\/web\/20231203070428\/https:\/\/goo.gl\/maps\/GcDsCuwB8gUr1gMz9\">ul. Ko\u015bcielna 11, 57-400 Nowa Ruda<\/a><br>facebook: <a href=\"https:\/\/web.archive.org\/web\/20231203070428\/https:\/\/www.facebook.com\/ParafiaNowaRuda\">Parafia \u015bw. Miko\u0142aja Nowa Ruda<\/a><\/p>\n<\/blockquote>\n\n\n\n<h2 class=\"wp-block-heading\"><a>KONTO BANKOWE<\/a><\/h2>\n\n\n\n<blockquote class=\"wp-block-quote is-layout-flow wp-block-quote-is-layout-flow\">\n<p>Santander O\/Nowa Ruda<br>20 1090 2330 0000 0005 9601 5573<br>kod swift: WBKPPLPP<\/p>\n<\/blockquote>\n","protected":false},"excerpt":{"rendered":"<p>PORZ\u0104DEK MSZY \u015aW. W PARAFII: SPOWIED\u0179 ADORACJA NAJ\u015aWI\u0118TSZEGO SAKRAMENTU KANCELARIA PARAFIALNA KONTAKT email: parafianowaruda@gmail.comnr tel. +48(74) 872-21-55adres: ul. Ko\u015bcielna 11, 57-400 Nowa Rudafacebook: Parafia \u015bw. Miko\u0142aja Nowa Ruda KONTO BANKOWE Santander O\/Nowa Ruda20 1090 2330 0000 0005 9601 5573kod swift:<\/p>\n","protected":false},"author":1,"featured_media":0,"parent":0,"menu_order":0,"comment_status":"closed","ping_status":"closed","template":"","meta":{"footnotes":""},"class_list":["post-16","page","type-page","status-publish","hentry"],"_links":{"self":[{"href":"https:\/\/parafia.nowaruda.pl\/index.php?rest_route=\/wp\/v2\/pages\/16","targetHints":{"allow":["GET"]}}],"collection":[{"href":"https:\/\/parafia.nowaruda.pl\/index.php?rest_route=\/wp\/v2\/pages"}],"about":[{"href":"https:\/\/parafia.nowaruda.pl\/index.php?rest_route=\/wp\/v2\/types\/page"}],"author":[{"embeddable":true,"href":"https:\/\/parafia.nowaruda.pl\/index.php?rest_route=\/wp\/v2\/users\/1"}],"replies":[{"embeddable":true,"href":"https:\/\/parafia.nowaruda.pl\/index.php?rest_route=%2Fwp%2Fv2%2Fcomments&post=16"}],"version-history":[{"count":2,"href":"https:\/\/parafia.nowaruda.pl\/index.php?rest_route=\/wp\/v2\/pages\/16\/revisions"}],"predecessor-version":[{"id":54,"href":"https:\/\/parafia.nowaruda.pl\/index.php?rest_route=\/wp\/v2\/pages\/16\/revisions\/54"}],"wp:attachment":[{"href":"https:\/\/parafia.nowaruda.pl\/index.php?rest_route=%2Fwp%2Fv2%2Fmedia&parent=16"}],"curies":[{"name":"wp","href":"https:\/\/api.w.org\/{rel}","templated":true}]}}