{"id":42,"date":"2024-07-02T10:40:23","date_gmt":"2024-07-02T10:40:23","guid":{"rendered":"http:\/\/parafia.nowaruda.pl\/?page_id=42"},"modified":"2024-07-02T10:44:31","modified_gmt":"2024-07-02T10:44:31","slug":"witamy","status":"publish","type":"page","link":"https:\/\/parafia.nowaruda.pl\/","title":{"rendered":"Witamy!"},"content":{"rendered":"\n<h3 class=\"wp-block-heading\">Witamy!<\/h3>\n\n\n\n<p>Mamy przyjemno\u015b\u0107 zaprezentowa\u0107 nasz\u0105 parafi\u0119 &#8211; jej zabytki, wydarzenia i inicjatywy. Zapraszamy na wirtualn\u0105 wycieczk\u0119 po naszej parafii. Opr\u00f3cz informacji o aktualno\u015bciach, na stronie zach\u0119camy r\u00f3wnie\u017c do:<\/p>\n\n\n\n<figure class=\"wp-block-image alignleft size-full\"><img loading=\"lazy\" decoding=\"async\" width=\"250\" height=\"387\" src=\"http:\/\/parafia.nowaruda.pl\/wp-content\/uploads\/2024\/07\/rycina.gif\" alt=\"\" class=\"wp-image-44\"\/><\/figure>\n\n\n\n<ul class=\"wp-block-list\">\n<li>&#8211; Poznania historii naszego ko\u015bcio\u0142a,<\/li>\n\n\n\n<li>&#8211; Przeczytania wzmianki o \u015bw. Miko\u0142aju, patronie parafii<\/li>\n\n\n\n<li>&#8211; Zapoznania si\u0119 z architektur\u0105 \u015bwi\u0105tyni,<\/li>\n\n\n\n<li>&#8211; Poznania historii i zdj\u0119\u0107 siedmiu o\u0142tarzy w ko\u015bciele parafialnym,<\/li>\n\n\n\n<li>&#8211; Poznania znaczenia r\u00f3\u017cnych symboli w ko\u015bciele, takich jak rze\u017aby, witra\u017ce, obejrzenia pi\u0119knej ambony i \u017cyrandoli,\n<ul class=\"wp-block-list\">\n<li>&#8211; Poznania budowy ch\u00f3ru i 50-g\u0142osowych organ\u00f3w,<\/li>\n<\/ul>\n<\/li>\n\n\n\n<li>&#8211; Zwiedzenia wie\u017cy oraz pos\u0142uchania d\u017awi\u0119k\u00f3w noworudzkich dzwon\u00f3w i organ\u00f3w,<\/li>\n\n\n\n<li>&#8211; Obejrzenia galerii zdj\u0119\u0107 naszego ko\u015bcio\u0142a, w tym tak\u017ce zdj\u0119\u0107 archiwalnych<\/li>\n\n\n\n<li>&#8211; Skopiowania na sw\u00f3j komputer kilku tapet i innych ciekawostek zwi\u0105zanych z nasz\u0105 parafi\u0105.\n<ul class=\"wp-block-list\">\n<li>&#8211; Poznania aktualnych spraw parafialnych.<\/li>\n<\/ul>\n<\/li>\n<\/ul>\n\n\n\n<p>\u017byczymy mi\u0142ego surfowania po naszych stronach maj\u0105c jednocze\u015bnie nadziej\u0119, \u017ce czas po\u015bwi\u0119cony temu nie b\u0119dzie czasem straconym.<\/p>\n\n\n\n<p><strong>Nowo\u015b\u0107!<\/strong> Zobacz, jak wygl\u0105da wn\u0119trze naszego ko\u015bcio\u0142a &#8211; <a href=\"https:\/\/web.archive.org\/web\/20240331182522\/http:\/\/dolnyslask360.pl\/miejsce.php?q=760\">zdj\u0119cie panoramiczne 360 stopni<\/a>.<\/p>\n\n\n\n<p>Zapraszamy r\u00f3wnie\u017c do odwiedzenia profilu naszej parafii na <a href=\"https:\/\/web.archive.org\/web\/20240331182522\/http:\/\/www.facebook.com\/pages\/Parafia-%C5%9Bw-Miko%C5%82aja-Nowa-Ruda\/125477330871722?sk=wall\">facebooku<\/a>.<\/p>\n\n\n\n<p>Autorzy strony<\/p>\n","protected":false},"excerpt":{"rendered":"<p>Witamy! Mamy przyjemno\u015b\u0107 zaprezentowa\u0107 nasz\u0105 parafi\u0119 &#8211; jej zabytki, wydarzenia i inicjatywy. Zapraszamy na wirtualn\u0105 wycieczk\u0119 po naszej parafii. Opr\u00f3cz informacji o aktualno\u015bciach, na stronie zach\u0119camy r\u00f3wnie\u017c do: \u017byczymy mi\u0142ego surfowania po naszych stronach maj\u0105c jednocze\u015bnie nadziej\u0119, \u017ce czas po\u015bwi\u0119cony<\/p>\n","protected":false},"author":1,"featured_media":0,"parent":0,"menu_order":0,"comment_status":"closed","ping_status":"closed","template":"","meta":{"footnotes":""},"class_list":["post-42","page","type-page","status-publish","hentry"],"_links":{"self":[{"href":"https:\/\/parafia.nowaruda.pl\/index.php?rest_route=\/wp\/v2\/pages\/42","targetHints":{"allow":["GET"]}}],"collection":[{"href":"https:\/\/parafia.nowaruda.pl\/index.php?rest_route=\/wp\/v2\/pages"}],"about":[{"href":"https:\/\/parafia.nowaruda.pl\/index.php?rest_route=\/wp\/v2\/types\/page"}],"author":[{"embeddable":true,"href":"https:\/\/parafia.nowaruda.pl\/index.php?rest_route=\/wp\/v2\/users\/1"}],"replies":[{"embeddable":true,"href":"https:\/\/parafia.nowaruda.pl\/index.php?rest_route=%2Fwp%2Fv2%2Fcomments&post=42"}],"version-history":[{"count":7,"href":"https:\/\/parafia.nowaruda.pl\/index.php?rest_route=\/wp\/v2\/pages\/42\/revisions"}],"predecessor-version":[{"id":53,"href":"https:\/\/parafia.nowaruda.pl\/index.php?rest_route=\/wp\/v2\/pages\/42\/revisions\/53"}],"wp:attachment":[{"href":"https:\/\/parafia.nowaruda.pl\/index.php?rest_route=%2Fwp%2Fv2%2Fmedia&parent=42"}],"curies":[{"name":"wp","href":"https:\/\/api.w.org\/{rel}","templated":true}]}}